{"id":281,"date":"2025-07-17T10:47:58","date_gmt":"2025-07-17T13:47:58","guid":{"rendered":"https:\/\/mediterraneasoluzioni.com\/tienda\/?post_type=product&#038;p=281"},"modified":"2025-11-18T18:43:25","modified_gmt":"2025-11-18T21:43:25","slug":"cortadora-de-fiambre-mirra-300","status":"publish","type":"product","link":"https:\/\/mediterraneasoluzioni.com\/tienda\/producto\/cortadora-de-fiambre-mirra-300\/","title":{"rendered":"Cortadora de Fiambre MIRRA 300"},"content":{"rendered":"<p>&#8211; Fusi\u00f3n en aleaci\u00f3n de aluminio anodizado.<\/p>\n<p>&#8211; Amplio espacio entre el motor y la cuchilla para una f\u00e1cil limpieza.<\/p>\n<p>&#8211; Motor ventilado.<\/p>\n<p>&#8211; Cuchilla forjada y templada de fuerte espesor.<\/p>\n<p>&#8211; Deslizamiento carro sobre casquillos autolubricantes y pernos lapados.<\/p>\n<p>&#8211; Torniller\u00eda y gu\u00eda en acero inoxidable.<\/p>\n<p>&#8211; Robusto soporte vela.<\/p>\n<p>&#8211; Afilador incorporado en fusi\u00f3n con doble lija de serie.<\/p>\n<p>&#8211; Dimensiones compactas pero con gran capacidad de corte.<\/p>\n<p>&#8211; Versi\u00f3n CE Profesional con desbloqueo en carro.<\/p>\n<p>&#8211; Disponibles cuchillas con tefl\u00f3n o dentadas.<\/p>\n<p><img fetchpriority=\"high\" decoding=\"async\" class=\"alignnone size-full wp-image-283\" src=\"https:\/\/mediterraneasoluzioni.com\/tienda\/wp-content\/uploads\/2025\/07\/SLICERS-GRAVITY-OR-INCLINED-MIRRA-300-Y09.jpg\" alt=\"\" width=\"1280\" height=\"768\" srcset=\"https:\/\/mediterraneasoluzioni.com\/tienda\/wp-content\/uploads\/2025\/07\/SLICERS-GRAVITY-OR-INCLINED-MIRRA-300-Y09.jpg 1280w, https:\/\/mediterraneasoluzioni.com\/tienda\/wp-content\/uploads\/2025\/07\/SLICERS-GRAVITY-OR-INCLINED-MIRRA-300-Y09-600x360.jpg 600w, https:\/\/mediterraneasoluzioni.com\/tienda\/wp-content\/uploads\/2025\/07\/SLICERS-GRAVITY-OR-INCLINED-MIRRA-300-Y09-768x461.jpg 768w\" sizes=\"(max-width: 1280px) 100vw, 1280px\" \/>&#8211; Inclinaci\u00f3n cuchilla 25\u00b0.<\/p>\n","protected":false},"excerpt":{"rendered":"<p>&#8211; Fusi\u00f3n en aleaci\u00f3n de aluminio anodizado. &#8211; Amplio espacio entre el motor y la cuchilla para una f\u00e1cil limpieza. &#8211; Motor ventilado. &#8211; Cuchilla forjada y templada de fuerte espesor. &#8211; Deslizamiento carro sobre casquillos autolubricantes y pernos lapados. &#8211; Torniller\u00eda y gu\u00eda en acero inoxidable. &#8211; Robusto soporte vela. &#8211; Afilador incorporado en [&hellip;]<\/p>\n","protected":false},"featured_media":283,"template":"","meta":{"postBodyCss":"","postBodyMargin":[],"postBodyPadding":[],"postBodyBackground":{"backgroundType":"classic","gradient":""}},"product_brand":[47],"product_cat":[53,27],"product_tag":[],"class_list":{"0":"post-281","1":"product","2":"type-product","3":"status-publish","4":"has-post-thumbnail","6":"product_brand-sirman","7":"product_cat-carne-fiambre","8":"product_cat-cortadoras-de-fiambres","10":"first","11":"instock","12":"shipping-taxable","13":"purchasable","14":"product-type-simple"},"_links":{"self":[{"href":"https:\/\/mediterraneasoluzioni.com\/tienda\/wp-json\/wp\/v2\/product\/281","targetHints":{"allow":["GET"]}}],"collection":[{"href":"https:\/\/mediterraneasoluzioni.com\/tienda\/wp-json\/wp\/v2\/product"}],"about":[{"href":"https:\/\/mediterraneasoluzioni.com\/tienda\/wp-json\/wp\/v2\/types\/product"}],"wp:featuredmedia":[{"embeddable":true,"href":"https:\/\/mediterraneasoluzioni.com\/tienda\/wp-json\/wp\/v2\/media\/283"}],"wp:attachment":[{"href":"https:\/\/mediterraneasoluzioni.com\/tienda\/wp-json\/wp\/v2\/media?parent=281"}],"wp:term":[{"taxonomy":"product_brand","embeddable":true,"href":"https:\/\/mediterraneasoluzioni.com\/tienda\/wp-json\/wp\/v2\/product_brand?post=281"},{"taxonomy":"product_cat","embeddable":true,"href":"https:\/\/mediterraneasoluzioni.com\/tienda\/wp-json\/wp\/v2\/product_cat?post=281"},{"taxonomy":"product_tag","embeddable":true,"href":"https:\/\/mediterraneasoluzioni.com\/tienda\/wp-json\/wp\/v2\/product_tag?post=281"}],"curies":[{"name":"wp","href":"https:\/\/api.w.org\/{rel}","templated":true}]}}