{"id":298,"date":"2025-07-21T09:52:05","date_gmt":"2025-07-21T12:52:05","guid":{"rendered":"https:\/\/mediterraneasoluzioni.com\/tienda\/?post_type=product&#038;p=298"},"modified":"2025-11-18T18:38:48","modified_gmt":"2025-11-18T21:38:48","slug":"fabricadora-de-hielo-kp-50-25-2","status":"publish","type":"product","link":"https:\/\/mediterraneasoluzioni.com\/tienda\/producto\/fabricadora-de-hielo-kp-50-25-2\/","title":{"rendered":"Fabricadora de Hielo KP 165\/75"},"content":{"rendered":"<p>165 Kg de Producci\u00f3n cada 24h<\/p>\n<p>75 Kg Capacidad de almacenaje<\/p>\n<p>108 Cubos de hielo por ciclo<\/p>\n<p>1.375 W Potencia absorbida<\/p>\n<p>75 Kg Peso neto<\/p>\n<p>84x76x99 Altura Frente y Profun. cm<\/p>\n<p>40-50 mm Regulacion altura de patas<\/p>\n<p>La LINEA KP de fabricadores de hielo macizo estan construidos completamente en acero inoxidable e incorporan<br \/>\ntodas las tecnolog\u00edas m\u00e1s recientes para asegurar las m\u00e1ximas prestaciones a largo plazo. Utilizan refrigerante tipo<br \/>\nR452A, tiene un sistema de control mecanico y su enfriamiento es por aire. La tension estandar es 230V 50HZ.<br \/>\nLos cubos se forman mediante la aspersi\u00f3n de agua sobre un evaporador horizontal de cobre que al enfriarse, crea<br \/>\ncubitos de hielo puros y cristalinos de alta densidad.<br \/>\nEl cubito de hielo macizo, m\u00e1s puro que el agua, es el tipo de cubito m\u00e1s indicado para el enfriamiento prolongado<br \/>\nde todas las bebidas.<\/p>\n","protected":false},"excerpt":{"rendered":"<p>165 Kg de Producci\u00f3n cada 24h 75 Kg Capacidad de almacenaje 108 Cubos de hielo por ciclo 1.375 W Potencia absorbida 75 Kg Peso neto 84x76x99 Altura Frente y Profun. cm 40-50 mm Regulacion altura de patas La LINEA KP de fabricadores de hielo macizo estan construidos completamente en acero inoxidable e incorporan todas las [&hellip;]<\/p>\n","protected":false},"featured_media":304,"template":"","meta":{"postBodyCss":"","postBodyMargin":[],"postBodyPadding":[],"postBodyBackground":{"backgroundType":"classic","gradient":""}},"product_brand":[48],"product_cat":[51,42,50],"product_tag":[],"class_list":{"0":"post-298","1":"product","2":"type-product","3":"status-publish","4":"has-post-thumbnail","6":"product_brand-kastelice","7":"product_cat-cafe-bar","8":"product_cat-fabricadoras-de-hielo","9":"product_cat-restaurante","11":"first","12":"instock","13":"shipping-taxable","14":"purchasable","15":"product-type-simple"},"_links":{"self":[{"href":"https:\/\/mediterraneasoluzioni.com\/tienda\/wp-json\/wp\/v2\/product\/298","targetHints":{"allow":["GET"]}}],"collection":[{"href":"https:\/\/mediterraneasoluzioni.com\/tienda\/wp-json\/wp\/v2\/product"}],"about":[{"href":"https:\/\/mediterraneasoluzioni.com\/tienda\/wp-json\/wp\/v2\/types\/product"}],"wp:featuredmedia":[{"embeddable":true,"href":"https:\/\/mediterraneasoluzioni.com\/tienda\/wp-json\/wp\/v2\/media\/304"}],"wp:attachment":[{"href":"https:\/\/mediterraneasoluzioni.com\/tienda\/wp-json\/wp\/v2\/media?parent=298"}],"wp:term":[{"taxonomy":"product_brand","embeddable":true,"href":"https:\/\/mediterraneasoluzioni.com\/tienda\/wp-json\/wp\/v2\/product_brand?post=298"},{"taxonomy":"product_cat","embeddable":true,"href":"https:\/\/mediterraneasoluzioni.com\/tienda\/wp-json\/wp\/v2\/product_cat?post=298"},{"taxonomy":"product_tag","embeddable":true,"href":"https:\/\/mediterraneasoluzioni.com\/tienda\/wp-json\/wp\/v2\/product_tag?post=298"}],"curies":[{"name":"wp","href":"https:\/\/api.w.org\/{rel}","templated":true}]}}