{"id":476,"date":"2025-08-14T11:53:24","date_gmt":"2025-08-14T14:53:24","guid":{"rendered":"https:\/\/mediterraneasoluzioni.com\/tienda\/?post_type=product&#038;p=476"},"modified":"2025-11-18T18:42:59","modified_gmt":"2025-11-18T21:42:59","slug":"katana-12-vv-cutter-horizontal","status":"publish","type":"product","link":"https:\/\/mediterraneasoluzioni.com\/tienda\/producto\/katana-12-vv-cutter-horizontal\/","title":{"rendered":"KATANA 12 VV CUTTER HORIZONTAL"},"content":{"rendered":"<p>&#8211; Completamente realizado en acero inoxidable AISI 304.<\/p>\n<p>&#8211; Cuchillas guiadas por un potente motor asincronizado y ventilado<\/p>\n<p>&#8211; Recipiente robusto de acero inoxidable AISI 304, desmontable.<\/p>\n<p>&#8211; Tapadera interbloqueada f\u00e1cilmente desmontable para facilitar la limpieza y la esterilizaci\u00f3n<\/p>\n<p>&#8211; Mandos con teclas inox IP 67<\/p>\n<p>&#8211; Cubo con 3 cuchillas de serie f\u00e1cilmente extra\u00edbles (configurable con 2 cuchillas).<\/p>\n<p>&#8211; M\u00e1xima protecci\u00f3n infiltraci\u00f3n l\u00edquidos en el eje.<\/p>\n<p>&#8211; Ideales para carnes y verduras, pero adecuado tambi\u00e9n para muchas otras elaboraciones.<\/p>\n<p>&#8211; Variador de velocidad continuo gestionado por inverter.<\/p>\n<p>&#8211; Motorreductor cuba independiente.<\/p>\n<ul class=\"css-os387a\">\n<li><span class=\"css-in3yi3\">Modelo:\u00a0<\/span>Katana 12 VV<\/li>\n<li><span class=\"css-in3yi3\">Potencia:\u00a0<\/span>watt 1.610 &#8211; Hp 2.2<\/li>\n<li><span class=\"css-in3yi3\">Alimentaci\u00f3n:\u00a0<\/span>1ph<\/li>\n<li><span class=\"css-in3yi3\">Cuchillas:\u00a0<\/span>n.3<\/li>\n<li><span class=\"css-in3yi3\">Capacidad tina:\u00a0<\/span>lt 12<\/li>\n<li><span class=\"css-in3yi3\">Giros:\u00a0<\/span>r.p.m. 600\/2.600<\/li>\n<li>Medidas: 90 cm largo x 44 cm altura x 59 cm de ancho<\/li>\n<li>Peso: 75 kg<\/li>\n<\/ul>\n","protected":false},"excerpt":{"rendered":"<p>&#8211; Completamente realizado en acero inoxidable AISI 304. &#8211; Cuchillas guiadas por un potente motor asincronizado y ventilado &#8211; Recipiente robusto de acero inoxidable AISI 304, desmontable. &#8211; Tapadera interbloqueada f\u00e1cilmente desmontable para facilitar la limpieza y la esterilizaci\u00f3n &#8211; Mandos con teclas inox IP 67 &#8211; Cubo con 3 cuchillas de serie f\u00e1cilmente extra\u00edbles [&hellip;]<\/p>\n","protected":false},"featured_media":462,"template":"","meta":{"postBodyCss":"","postBodyMargin":[],"postBodyPadding":[],"postBodyBackground":{"backgroundType":"classic","gradient":""}},"product_brand":[47],"product_cat":[53,43,50],"product_tag":[],"class_list":{"0":"post-476","1":"product","2":"type-product","3":"status-publish","4":"has-post-thumbnail","6":"product_brand-sirman","7":"product_cat-carne-fiambre","8":"product_cat-linea-carne","9":"product_cat-restaurante","11":"first","12":"instock","13":"shipping-taxable","14":"purchasable","15":"product-type-simple"},"_links":{"self":[{"href":"https:\/\/mediterraneasoluzioni.com\/tienda\/wp-json\/wp\/v2\/product\/476","targetHints":{"allow":["GET"]}}],"collection":[{"href":"https:\/\/mediterraneasoluzioni.com\/tienda\/wp-json\/wp\/v2\/product"}],"about":[{"href":"https:\/\/mediterraneasoluzioni.com\/tienda\/wp-json\/wp\/v2\/types\/product"}],"wp:featuredmedia":[{"embeddable":true,"href":"https:\/\/mediterraneasoluzioni.com\/tienda\/wp-json\/wp\/v2\/media\/462"}],"wp:attachment":[{"href":"https:\/\/mediterraneasoluzioni.com\/tienda\/wp-json\/wp\/v2\/media?parent=476"}],"wp:term":[{"taxonomy":"product_brand","embeddable":true,"href":"https:\/\/mediterraneasoluzioni.com\/tienda\/wp-json\/wp\/v2\/product_brand?post=476"},{"taxonomy":"product_cat","embeddable":true,"href":"https:\/\/mediterraneasoluzioni.com\/tienda\/wp-json\/wp\/v2\/product_cat?post=476"},{"taxonomy":"product_tag","embeddable":true,"href":"https:\/\/mediterraneasoluzioni.com\/tienda\/wp-json\/wp\/v2\/product_tag?post=476"}],"curies":[{"name":"wp","href":"https:\/\/api.w.org\/{rel}","templated":true}]}}