{"id":501,"date":"2025-11-13T20:23:43","date_gmt":"2025-11-13T23:23:43","guid":{"rendered":"https:\/\/mediterraneasoluzioni.com\/tienda\/?post_type=product&#038;p=501"},"modified":"2025-11-18T18:35:30","modified_gmt":"2025-11-18T21:35:30","slug":"w8-easy-touch-40-50","status":"publish","type":"product","link":"https:\/\/mediterraneasoluzioni.com\/tienda\/producto\/w8-easy-touch-40-50\/","title":{"rendered":"W8 EASY TOUCH 40-50"},"content":{"rendered":"<p><strong>Caracteristicas Generales<\/strong><\/p>\n<ul>\n<li><b>Campana de gran volumen<\/b> en plexigl\u00e1s termoformado de gran espesor en los modelos 50, y por inyecci\u00f3n en Trit\u00e1n en los modelos 40.<\/li>\n<li><b>Barra de sellado<\/b> f\u00e1cilmente extra\u00edble.<\/li>\n<li><b>Extrema facilidad de limpieza<\/b> gracias a la perfecta planitud de la superficie de apoyo del producto, fabricada en acero inoxidable AISI 304 de 5 mm de espesor.<\/li>\n<li><b>Elevaci\u00f3n autom\u00e1tica de la tapa<\/b> mediante pistones neum\u00e1ticos.<\/li>\n<li><b>Soporte para bolsas<\/b> con l\u00edquidos.<\/li>\n<li><b>Controles t\u00e1ctiles<\/b> f\u00e1ciles e intuitivos.<\/li>\n<li><b>10 Programas<\/b> personalizables que el usuario puede memorizar.<\/li>\n<li>Programa de marinado.<\/li>\n<li>Programa de vac\u00edo externo.<\/li>\n<li>Contadores de ciclos.<\/li>\n<\/ul>\n<p>&nbsp;<\/p>\n<p><b>Opcionales:<\/b><\/p>\n<ul>\n<li>Tubo para aspiraci\u00f3n externa.<\/li>\n<li>Contenedores GN aptos para aspiraci\u00f3n externa.<\/li>\n<\/ul>\n<p>&nbsp;<\/p>\n<p><strong>Caracteristicas Tecnicas<\/strong><\/p>\n<p>Modelo: <strong>W8 40<\/strong> <strong>Easy Touch<\/strong><br \/>\nPotencia: 0,75 Kw<br \/>\nAlimentaci\u00f3n: 1ph (Monof\u00e1sica)<br \/>\nBomba de Vac\u00edo: 21 mc\/h<br \/>\nBarra de Sellado: 410 mm<br \/>\nDimensiones C\u00e1mara: 430 x 410 h. 170 mm<br \/>\nA: 493 mm<br \/>\nB: 585 mm<br \/>\nC: 422 mm<br \/>\nD: 630 mm<br \/>\nE: 390 mm<br \/>\nF: 430 mm<br \/>\nG: 99 mm<br \/>\nH: 180 mm<br \/>\nPeso Neto: 56 kg<\/p>\n<p><img fetchpriority=\"high\" decoding=\"async\" class=\"alignnone wp-image-510\" src=\"https:\/\/mediterraneasoluzioni.com\/tienda\/wp-content\/uploads\/2025\/11\/Dimensioni-Sottovuoto-W8-Easy-Touch.jpeg\" alt=\"\" width=\"445\" height=\"205\" \/><\/p>\n<p>&nbsp;<\/p>\n<p>Modelo: <strong>W8 50<\/strong> <strong>Easy Touch<\/strong><br \/>\nPotencia: 0,75 Kw<br \/>\nAlimentaci\u00f3n: 1ph (Monof\u00e1sica)<br \/>\nBomba de Vac\u00edo: 21 mc\/h<br \/>\nBarra de Sellado: 510 mm<br \/>\nDimensiones de la C\u00e1mara: 545&#215;460 h.190 mm<br \/>\nA: 609 mm<br \/>\nB: 640 mm<br \/>\nC: 420 mm<br \/>\nD: 605 mm<br \/>\nE: 430 mm<br \/>\nF: 540 mm<br \/>\nG: 90 mm<br \/>\nH: 210 mm<br \/>\nPeso Neto: 70 kg<\/p>\n","protected":false},"excerpt":{"rendered":"<p>Caracteristicas Generales Campana de gran volumen en plexigl\u00e1s termoformado de gran espesor en los modelos 50, y por inyecci\u00f3n en Trit\u00e1n en los modelos 40. Barra de sellado f\u00e1cilmente extra\u00edble. Extrema facilidad de limpieza gracias a la perfecta planitud de la superficie de apoyo del producto, fabricada en acero inoxidable AISI 304 de 5 mm [&hellip;]<\/p>\n","protected":false},"featured_media":509,"template":"","meta":{"postBodyCss":"","postBodyMargin":[],"postBodyPadding":[],"postBodyBackground":{"backgroundType":"classic","gradient":""}},"product_brand":[47],"product_cat":[25,50],"product_tag":[],"class_list":{"0":"post-501","1":"product","2":"type-product","3":"status-publish","4":"has-post-thumbnail","6":"product_brand-sirman","7":"product_cat-maquinas-para-vacio","8":"product_cat-restaurante","10":"first","11":"instock","12":"shipping-taxable","13":"product-type-simple"},"_links":{"self":[{"href":"https:\/\/mediterraneasoluzioni.com\/tienda\/wp-json\/wp\/v2\/product\/501","targetHints":{"allow":["GET"]}}],"collection":[{"href":"https:\/\/mediterraneasoluzioni.com\/tienda\/wp-json\/wp\/v2\/product"}],"about":[{"href":"https:\/\/mediterraneasoluzioni.com\/tienda\/wp-json\/wp\/v2\/types\/product"}],"wp:featuredmedia":[{"embeddable":true,"href":"https:\/\/mediterraneasoluzioni.com\/tienda\/wp-json\/wp\/v2\/media\/509"}],"wp:attachment":[{"href":"https:\/\/mediterraneasoluzioni.com\/tienda\/wp-json\/wp\/v2\/media?parent=501"}],"wp:term":[{"taxonomy":"product_brand","embeddable":true,"href":"https:\/\/mediterraneasoluzioni.com\/tienda\/wp-json\/wp\/v2\/product_brand?post=501"},{"taxonomy":"product_cat","embeddable":true,"href":"https:\/\/mediterraneasoluzioni.com\/tienda\/wp-json\/wp\/v2\/product_cat?post=501"},{"taxonomy":"product_tag","embeddable":true,"href":"https:\/\/mediterraneasoluzioni.com\/tienda\/wp-json\/wp\/v2\/product_tag?post=501"}],"curies":[{"name":"wp","href":"https:\/\/api.w.org\/{rel}","templated":true}]}}