{"id":524,"date":"2025-11-13T21:46:07","date_gmt":"2025-11-14T00:46:07","guid":{"rendered":"https:\/\/mediterraneasoluzioni.com\/tienda\/?post_type=product&#038;p=524"},"modified":"2025-11-18T18:35:30","modified_gmt":"2025-11-18T21:35:30","slug":"softcooker-xp","status":"publish","type":"product","link":"https:\/\/mediterraneasoluzioni.com\/tienda\/producto\/softcooker-xp\/","title":{"rendered":"Softcooker XP"},"content":{"rendered":"<h3>Caracter\u00edsticas Principales<\/h3>\n<p>&nbsp;<\/p>\n<ul>\n<li><b>Calentador termorregulado<\/b> de alta precisi\u00f3n.<\/li>\n<li><b>Visualizador<\/b> de temperatura y tiempo de funcionamiento.<\/li>\n<li><b>25 programas<\/b> memorizables.<\/li>\n<li><b>Estructura de acero inoxidable.<\/b><\/li>\n<li><b>Profundidad de trabajo<\/b> m\u00e1x. 16,5 cm.<\/li>\n<li><b>Dispositivo de protecci\u00f3n autom\u00e1tico<\/b> en caso de funcionamiento en seco.<\/li>\n<li><b>Ventilador de circulaci\u00f3n<\/b> para favorecer una \u00f3ptima mezcla del fluido.<\/li>\n<li><b>Dispositivo de bloqueo del motor<\/b> si se detecta sobretensi\u00f3n y sobretemperatura.<\/li>\n<\/ul>\n<p>&nbsp;<\/p>\n<p><strong>Dimensiones<\/strong><\/p>\n<p>Modelo: SOFTCOOKER XP<br \/>\nPotencia: 2.000 Watt<br \/>\nAlimentaci\u00f3n: 1ph (Monof\u00e1sica)<br \/>\nTemperatura: 24\u00f799 \u00b0C<\/p>\n<p>A: 110 mm<br \/>\nB: 105 mm<br \/>\nC: 130 mm<br \/>\nD: 260 mm<br \/>\nE: 170 mm<br \/>\nF: 170 mm<br \/>\nG: 210 mm<br \/>\nPeso Neto: 4,5 kg<\/p>\n<p><img decoding=\"async\" class=\"alignnone size-full wp-image-531\" src=\"https:\/\/mediterraneasoluzioni.com\/tienda\/wp-content\/uploads\/2025\/11\/Dimensioni-XP.jpeg\" alt=\"\" width=\"200\" height=\"200\" srcset=\"https:\/\/mediterraneasoluzioni.com\/tienda\/wp-content\/uploads\/2025\/11\/Dimensioni-XP.jpeg 200w, https:\/\/mediterraneasoluzioni.com\/tienda\/wp-content\/uploads\/2025\/11\/Dimensioni-XP-100x100.jpeg 100w\" sizes=\"(max-width: 200px) 100vw, 200px\" \/><\/p>\n","protected":false},"excerpt":{"rendered":"<p>Caracter\u00edsticas Principales &nbsp; Calentador termorregulado de alta precisi\u00f3n. Visualizador de temperatura y tiempo de funcionamiento. 25 programas memorizables. Estructura de acero inoxidable. Profundidad de trabajo m\u00e1x. 16,5 cm. Dispositivo de protecci\u00f3n autom\u00e1tico en caso de funcionamiento en seco. Ventilador de circulaci\u00f3n para favorecer una \u00f3ptima mezcla del fluido. Dispositivo de bloqueo del motor si se [&hellip;]<\/p>\n","protected":false},"featured_media":525,"template":"","meta":{"postBodyCss":"","postBodyMargin":[],"postBodyPadding":[],"postBodyBackground":{"backgroundType":"classic","gradient":""}},"product_brand":[47],"product_cat":[24,50],"product_tag":[],"class_list":{"0":"post-524","1":"product","2":"type-product","3":"status-publish","4":"has-post-thumbnail","6":"product_brand-sirman","7":"product_cat-coccion-al-vacio","8":"product_cat-restaurante","10":"first","11":"instock","12":"shipping-taxable","13":"product-type-simple"},"_links":{"self":[{"href":"https:\/\/mediterraneasoluzioni.com\/tienda\/wp-json\/wp\/v2\/product\/524","targetHints":{"allow":["GET"]}}],"collection":[{"href":"https:\/\/mediterraneasoluzioni.com\/tienda\/wp-json\/wp\/v2\/product"}],"about":[{"href":"https:\/\/mediterraneasoluzioni.com\/tienda\/wp-json\/wp\/v2\/types\/product"}],"wp:featuredmedia":[{"embeddable":true,"href":"https:\/\/mediterraneasoluzioni.com\/tienda\/wp-json\/wp\/v2\/media\/525"}],"wp:attachment":[{"href":"https:\/\/mediterraneasoluzioni.com\/tienda\/wp-json\/wp\/v2\/media?parent=524"}],"wp:term":[{"taxonomy":"product_brand","embeddable":true,"href":"https:\/\/mediterraneasoluzioni.com\/tienda\/wp-json\/wp\/v2\/product_brand?post=524"},{"taxonomy":"product_cat","embeddable":true,"href":"https:\/\/mediterraneasoluzioni.com\/tienda\/wp-json\/wp\/v2\/product_cat?post=524"},{"taxonomy":"product_tag","embeddable":true,"href":"https:\/\/mediterraneasoluzioni.com\/tienda\/wp-json\/wp\/v2\/product_tag?post=524"}],"curies":[{"name":"wp","href":"https:\/\/api.w.org\/{rel}","templated":true}]}}