{"id":532,"date":"2025-11-13T22:18:39","date_gmt":"2025-11-14T01:18:39","guid":{"rendered":"https:\/\/mediterraneasoluzioni.com\/tienda\/?post_type=product&#038;p=532"},"modified":"2025-11-18T18:35:30","modified_gmt":"2025-11-18T21:35:30","slug":"sonda-wireless-nfc","status":"publish","type":"product","link":"https:\/\/mediterraneasoluzioni.com\/tienda\/producto\/sonda-wireless-nfc\/","title":{"rendered":"Sonda Wireless NFC"},"content":{"rendered":"<p>&nbsp;<\/p>\n<ul>\n<li>Sistema <b>pr\u00e1ctico y eficiente<\/b> para el control de la <b>temperatura interna<\/b> (al coraz\u00f3n) en las cocciones al vac\u00edo.<\/li>\n<li>Sondas <b>inal\u00e1mbricas, pr\u00e1cticas y robustas<\/b> con tecnolog\u00eda NFC que permite la lectura de la temperatura interna a trav\u00e9s de la APP o directamente desde el Softcooker Wi-Food NFC.<\/li>\n<li><b>Reutilizables infinitas veces<\/b>, pueden cargarse con datos relativos al producto, proveedor, cocci\u00f3n, fecha de envasado, etc.<\/li>\n<li>APP de gesti\u00f3n gratuita, f\u00e1cil e intuitiva.<\/li>\n<\/ul>\n<p>&nbsp;<\/p>\n<ul>\n<li><b>Compatible con Industria 4.0<\/b>.<\/li>\n<\/ul>\n","protected":false},"excerpt":{"rendered":"<p>&nbsp; Sistema pr\u00e1ctico y eficiente para el control de la temperatura interna (al coraz\u00f3n) en las cocciones al vac\u00edo. Sondas inal\u00e1mbricas, pr\u00e1cticas y robustas con tecnolog\u00eda NFC que permite la lectura de la temperatura interna a trav\u00e9s de la APP o directamente desde el Softcooker Wi-Food NFC. Reutilizables infinitas veces, pueden cargarse con datos relativos [&hellip;]<\/p>\n","protected":false},"featured_media":534,"template":"","meta":{"postBodyCss":"","postBodyMargin":[],"postBodyPadding":[],"postBodyBackground":{"backgroundType":"classic","gradient":""}},"product_brand":[47],"product_cat":[24,50],"product_tag":[37],"class_list":{"0":"post-532","1":"product","2":"type-product","3":"status-publish","4":"has-post-thumbnail","6":"product_brand-sirman","7":"product_cat-coccion-al-vacio","8":"product_cat-restaurante","9":"product_tag-sirman","11":"first","12":"instock","13":"shipping-taxable","14":"product-type-simple"},"_links":{"self":[{"href":"https:\/\/mediterraneasoluzioni.com\/tienda\/wp-json\/wp\/v2\/product\/532","targetHints":{"allow":["GET"]}}],"collection":[{"href":"https:\/\/mediterraneasoluzioni.com\/tienda\/wp-json\/wp\/v2\/product"}],"about":[{"href":"https:\/\/mediterraneasoluzioni.com\/tienda\/wp-json\/wp\/v2\/types\/product"}],"wp:featuredmedia":[{"embeddable":true,"href":"https:\/\/mediterraneasoluzioni.com\/tienda\/wp-json\/wp\/v2\/media\/534"}],"wp:attachment":[{"href":"https:\/\/mediterraneasoluzioni.com\/tienda\/wp-json\/wp\/v2\/media?parent=532"}],"wp:term":[{"taxonomy":"product_brand","embeddable":true,"href":"https:\/\/mediterraneasoluzioni.com\/tienda\/wp-json\/wp\/v2\/product_brand?post=532"},{"taxonomy":"product_cat","embeddable":true,"href":"https:\/\/mediterraneasoluzioni.com\/tienda\/wp-json\/wp\/v2\/product_cat?post=532"},{"taxonomy":"product_tag","embeddable":true,"href":"https:\/\/mediterraneasoluzioni.com\/tienda\/wp-json\/wp\/v2\/product_tag?post=532"}],"curies":[{"name":"wp","href":"https:\/\/api.w.org\/{rel}","templated":true}]}}