{"id":538,"date":"2025-11-13T22:33:09","date_gmt":"2025-11-14T01:33:09","guid":{"rendered":"https:\/\/mediterraneasoluzioni.com\/tienda\/?post_type=product&#038;p=538"},"modified":"2025-11-18T18:41:13","modified_gmt":"2025-11-18T21:41:13","slug":"vertigo-30","status":"publish","type":"product","link":"https:\/\/mediterraneasoluzioni.com\/tienda\/producto\/vertigo-30\/","title":{"rendered":"Vertigo 30"},"content":{"rendered":"<h2>Envasadora al Vac\u00edo Compacta Vertical<\/h2>\n<p>Envasadora al vac\u00edo compacta vertical ideal para l\u00edquidos, granulados y polvos para usar en bares o como segunda m\u00e1quina.<\/p>\n<ul>\n<li><b>Tama\u00f1o m\u00e1ximo de la bolsa:<\/b> 300&#215;350 mm, con capacidad para contener 3 L.<\/li>\n<li><b>Control EASY TOUCH.<\/b><\/li>\n<li>Tapa sin pistones.<\/li>\n<li>Pr\u00e1cticos huecos en el perfil para usarse como empu\u00f1adura.<\/li>\n<\/ul>\n<p>&nbsp;<\/p>\n<h3>Soluci\u00f3n de Limpieza Patentada<\/h3>\n<p><b>Extraordinaria soluci\u00f3n patentada para la limpieza interna:<\/b><\/p>\n<ul>\n<li style=\"list-style-type: none\">\n<ul>\n<li>Laterales transparentes que ofrecen una visibilidad perfecta dentro de la camara de vacio.<\/li>\n<li>Los laterales son completamente desmontables sin herramientas para poder limpiar c\u00f3moda y profundamente dentro de la camara de vacio.<\/li>\n<\/ul>\n<\/li>\n<\/ul>\n<p>&nbsp;<\/p>\n<h3>Control EASY TOUCH<\/h3>\n<ul>\n<li>Pr\u00e1ctico e intuitivo teclado t\u00e1ctil con <b>WiFi integrado<\/b>.<\/li>\n<li>F\u00e1cil configuraci\u00f3n del <b>tiempo de vac\u00edo<\/b> y del <b>tiempo de sellado<\/b>.<\/li>\n<li>Visualizaci\u00f3n del <b>porcentaje de vac\u00edo<\/b> y del <b>tiempo restante<\/b>.<\/li>\n<li><b>10 programas<\/b> memorizables dal usuario.<\/li>\n<li><b>Programas especiales:<\/b>\n<ul>\n<li>Marinado.<\/li>\n<li>Precalentamiento de la bomba y ciclo de limpieza de aceite.<\/li>\n<li>Vac\u00edo externo temporizado.<\/li>\n<\/ul>\n<\/li>\n<li>Memorizaci\u00f3n de la \u00faltima configuraci\u00f3n.<\/li>\n<li>Contador de ciclos de uso total.<\/li>\n<li>Mensaje de cambio de aceite.<\/li>\n<\/ul>\n<p>&nbsp;<\/p>\n<p><strong>Caracteristicas Tecnicas<\/strong><\/p>\n<p>Modelo: Vertigo 30<br \/>\nPotencia: 0,15 Kw<br \/>\nAlimentaci\u00f3n: 1ph (Monof\u00e1sica)<br \/>\nBomba de Vac\u00edo: 4 mc\/h<br \/>\nBarra de Sellado: 310 mm<br \/>\nDimensiones de la C\u00e1mara: 326x60x250 mm<\/p>\n<p>A: 230 mm<br \/>\nB: 268 mm<br \/>\nC: 416 mm<br \/>\nD: 396 mm<br \/>\nE: 300 mm<br \/>\nF: 521 mm<br \/>\nPeso Neto: 22 Kg<\/p>\n<p><img fetchpriority=\"high\" decoding=\"async\" class=\"alignnone size-full wp-image-547\" src=\"https:\/\/mediterraneasoluzioni.com\/tienda\/wp-content\/uploads\/2025\/11\/Dimensioni-Vertigo-30.jpeg\" alt=\"\" width=\"307\" height=\"200\" \/><\/p>\n","protected":false},"excerpt":{"rendered":"<p>Envasadora al Vac\u00edo Compacta Vertical Envasadora al vac\u00edo compacta vertical ideal para l\u00edquidos, granulados y polvos para usar en bares o como segunda m\u00e1quina. Tama\u00f1o m\u00e1ximo de la bolsa: 300&#215;350 mm, con capacidad para contener 3 L. Control EASY TOUCH. Tapa sin pistones. Pr\u00e1cticos huecos en el perfil para usarse como empu\u00f1adura. &nbsp; Soluci\u00f3n de [&hellip;]<\/p>\n","protected":false},"featured_media":546,"template":"","meta":{"postBodyCss":"","postBodyMargin":[],"postBodyPadding":[],"postBodyBackground":{"backgroundType":"classic","gradient":""}},"product_brand":[47],"product_cat":[25,50],"product_tag":[37],"class_list":{"0":"post-538","1":"product","2":"type-product","3":"status-publish","4":"has-post-thumbnail","6":"product_brand-sirman","7":"product_cat-maquinas-para-vacio","8":"product_cat-restaurante","9":"product_tag-sirman","11":"first","12":"instock","13":"shipping-taxable","14":"product-type-simple"},"_links":{"self":[{"href":"https:\/\/mediterraneasoluzioni.com\/tienda\/wp-json\/wp\/v2\/product\/538","targetHints":{"allow":["GET"]}}],"collection":[{"href":"https:\/\/mediterraneasoluzioni.com\/tienda\/wp-json\/wp\/v2\/product"}],"about":[{"href":"https:\/\/mediterraneasoluzioni.com\/tienda\/wp-json\/wp\/v2\/types\/product"}],"wp:featuredmedia":[{"embeddable":true,"href":"https:\/\/mediterraneasoluzioni.com\/tienda\/wp-json\/wp\/v2\/media\/546"}],"wp:attachment":[{"href":"https:\/\/mediterraneasoluzioni.com\/tienda\/wp-json\/wp\/v2\/media?parent=538"}],"wp:term":[{"taxonomy":"product_brand","embeddable":true,"href":"https:\/\/mediterraneasoluzioni.com\/tienda\/wp-json\/wp\/v2\/product_brand?post=538"},{"taxonomy":"product_cat","embeddable":true,"href":"https:\/\/mediterraneasoluzioni.com\/tienda\/wp-json\/wp\/v2\/product_cat?post=538"},{"taxonomy":"product_tag","embeddable":true,"href":"https:\/\/mediterraneasoluzioni.com\/tienda\/wp-json\/wp\/v2\/product_tag?post=538"}],"curies":[{"name":"wp","href":"https:\/\/api.w.org\/{rel}","templated":true}]}}