{"id":549,"date":"2025-11-13T23:12:25","date_gmt":"2025-11-14T02:12:25","guid":{"rendered":"https:\/\/mediterraneasoluzioni.com\/tienda\/?post_type=product&#038;p=549"},"modified":"2025-11-18T18:38:48","modified_gmt":"2025-11-18T21:38:48","slug":"horno-aliseo-4-plus","status":"publish","type":"product","link":"https:\/\/mediterraneasoluzioni.com\/tienda\/producto\/horno-aliseo-4-plus\/","title":{"rendered":"Horno ALISEO 4 Plus"},"content":{"rendered":"<h2><\/h2>\n<h3>Funcionalidades y Dise\u00f1o<\/h3>\n<p>&nbsp;<\/p>\n<ul>\n<li><b>Estructura de acero inoxidable, <\/b>interior y exterior.<\/li>\n<li><b>4 bandejas en dotacion,<\/b>\u00a0f\u00e1cilmente extra\u00edbles para la limpieza.<\/li>\n<li><b>Distancia entre estantes<\/b> 8 cm.<\/li>\n<li><b>C\u00e1mara interna con esquinas redondeadas,<\/b>\u00a0para una limpieza f\u00e1cil y r\u00e1pida.<\/li>\n<li><b>Puerta de acero inoxidable<\/b>, con doble cristal.<\/li>\n<li><b>Iluminaci\u00f3n interna<\/b> con dos l\u00e1mparas para una luminosidad homog\u00e9nea.<\/li>\n<li><b>Distribuci\u00f3n de calor<\/b> con dos ventiladores.<\/li>\n<li><b>Regulaci\u00f3n termost\u00e1tica de la temperatura<\/b> de 25\u00b0 a 300\u00b0 C.<\/li>\n<li><b>Temporizador de control de cocci\u00f3n<\/b> de 0\u2019 a 120\u2019 o continuo.<\/li>\n<li><b>Humidificador de serie<\/b> (incluido de f\u00e1brica).<\/li>\n<li><b>Sistema de ventilador potenciado<\/b> para una mejor distribuci\u00f3n de la temperatura.<\/li>\n<\/ul>\n<p>&nbsp;<\/p>\n<p><strong>Caracteristicas Tecnicas<\/strong><\/p>\n<p>Modelo: Aliseo 4<br \/>\nPotencia (Monof\u00e1sica 1ph): 3.400 watt<br \/>\nPotencia (Trif\u00e1sica 3ph): 5.200 watt<br \/>\nAlimentaci\u00f3n: 1ph\/3ph (Monof\u00e1sica\/Trif\u00e1sica)<br \/>\nTemperatura: 25 \u00f7 300 \u00b0C<br \/>\nN\u00famero de Estantes: 4<\/p>\n<p>Dimensiones de Bandejas: 600&#215;400 mm<br \/>\nDimensiones Internas: 650&#215;460 h.360 mm<br \/>\nA: 820 mm<br \/>\nB: 760 mm<br \/>\nC: 606 mm<br \/>\nD: 1118 mm<br \/>\nPeso Neto: 54 kg<\/p>\n<p><img fetchpriority=\"high\" decoding=\"async\" class=\"alignnone wp-image-552\" src=\"https:\/\/mediterraneasoluzioni.com\/tienda\/wp-content\/uploads\/2025\/11\/ingombri_Aliseo4_2025.jpeg\" alt=\"\" width=\"625\" height=\"219\" srcset=\"https:\/\/mediterraneasoluzioni.com\/tienda\/wp-content\/uploads\/2025\/11\/ingombri_Aliseo4_2025.jpeg 713w, https:\/\/mediterraneasoluzioni.com\/tienda\/wp-content\/uploads\/2025\/11\/ingombri_Aliseo4_2025-600x210.jpeg 600w\" sizes=\"(max-width: 625px) 100vw, 625px\" \/><\/p>\n","protected":false},"excerpt":{"rendered":"<p>Funcionalidades y Dise\u00f1o &nbsp; Estructura de acero inoxidable, interior y exterior. 4 bandejas en dotacion,\u00a0f\u00e1cilmente extra\u00edbles para la limpieza. Distancia entre estantes 8 cm. C\u00e1mara interna con esquinas redondeadas,\u00a0para una limpieza f\u00e1cil y r\u00e1pida. Puerta de acero inoxidable, con doble cristal. Iluminaci\u00f3n interna con dos l\u00e1mparas para una luminosidad homog\u00e9nea. Distribuci\u00f3n de calor con dos [&hellip;]<\/p>\n","protected":false},"featured_media":550,"template":"","meta":{"postBodyCss":"","postBodyMargin":[],"postBodyPadding":[],"postBodyBackground":{"backgroundType":"classic","gradient":""}},"product_brand":[47],"product_cat":[51,44,50],"product_tag":[],"class_list":{"0":"post-549","1":"product","2":"type-product","3":"status-publish","4":"has-post-thumbnail","6":"product_brand-sirman","7":"product_cat-cafe-bar","8":"product_cat-hornos-de-induccion","9":"product_cat-restaurante","11":"first","12":"instock","13":"shipping-taxable","14":"product-type-simple"},"_links":{"self":[{"href":"https:\/\/mediterraneasoluzioni.com\/tienda\/wp-json\/wp\/v2\/product\/549","targetHints":{"allow":["GET"]}}],"collection":[{"href":"https:\/\/mediterraneasoluzioni.com\/tienda\/wp-json\/wp\/v2\/product"}],"about":[{"href":"https:\/\/mediterraneasoluzioni.com\/tienda\/wp-json\/wp\/v2\/types\/product"}],"wp:featuredmedia":[{"embeddable":true,"href":"https:\/\/mediterraneasoluzioni.com\/tienda\/wp-json\/wp\/v2\/media\/550"}],"wp:attachment":[{"href":"https:\/\/mediterraneasoluzioni.com\/tienda\/wp-json\/wp\/v2\/media?parent=549"}],"wp:term":[{"taxonomy":"product_brand","embeddable":true,"href":"https:\/\/mediterraneasoluzioni.com\/tienda\/wp-json\/wp\/v2\/product_brand?post=549"},{"taxonomy":"product_cat","embeddable":true,"href":"https:\/\/mediterraneasoluzioni.com\/tienda\/wp-json\/wp\/v2\/product_cat?post=549"},{"taxonomy":"product_tag","embeddable":true,"href":"https:\/\/mediterraneasoluzioni.com\/tienda\/wp-json\/wp\/v2\/product_tag?post=549"}],"curies":[{"name":"wp","href":"https:\/\/api.w.org\/{rel}","templated":true}]}}