{"id":553,"date":"2025-11-13T23:25:27","date_gmt":"2025-11-14T02:25:27","guid":{"rendered":"https:\/\/mediterraneasoluzioni.com\/tienda\/?post_type=product&#038;p=553"},"modified":"2025-11-18T18:38:48","modified_gmt":"2025-11-18T21:38:48","slug":"horno-aliseo-2-3","status":"publish","type":"product","link":"https:\/\/mediterraneasoluzioni.com\/tienda\/producto\/horno-aliseo-2-3\/","title":{"rendered":"Horno Aliseo 2\/3"},"content":{"rendered":"<h3>Especificaciones Generales<\/h3>\n<p>&nbsp;<\/p>\n<ul>\n<li><b>Estructura de acero inoxidable,<\/b> interior y exterior.<\/li>\n<li><b>Distancia entre estantes<\/b> 8 cm.<\/li>\n<li><b>C\u00e1mara interna con esquinas redondeadas,<\/b>\u00a0para una limpieza f\u00e1cil y r\u00e1pida.<\/li>\n<li><b>Puerta de acero inoxidable<\/b>, con doble cristal.<\/li>\n<li><b>Iluminaci\u00f3n interna<\/b> con dos l\u00e1mparas.<\/li>\n<li><b>Regulaci\u00f3n termost\u00e1tica<\/b> de la temperatura.<\/li>\n<li><b>Temporizador de control de cocci\u00f3n<\/b> de <span class=\"math-inline\" data-math=\"0\\text{ a }120\\text{ minutos}\">0\u2019 a 120\u2019 o continuo.<\/span><\/li>\n<li><b>Ventilador con inversor<\/b>\u00a0para una mejor distribuci\u00f3n de la temperatura.<\/li>\n<\/ul>\n","protected":false},"excerpt":{"rendered":"<p>Especificaciones Generales &nbsp; Estructura de acero inoxidable, interior y exterior. Distancia entre estantes 8 cm. C\u00e1mara interna con esquinas redondeadas,\u00a0para una limpieza f\u00e1cil y r\u00e1pida. Puerta de acero inoxidable, con doble cristal. Iluminaci\u00f3n interna con dos l\u00e1mparas. Regulaci\u00f3n termost\u00e1tica de la temperatura. Temporizador de control de cocci\u00f3n de 0\u2019 a 120\u2019 o continuo. Ventilador con [&hellip;]<\/p>\n","protected":false},"featured_media":554,"template":"","meta":{"postBodyCss":"","postBodyMargin":[],"postBodyPadding":[],"postBodyBackground":{"backgroundType":"classic","gradient":""}},"product_brand":[47],"product_cat":[51,44,50],"product_tag":[],"class_list":{"0":"post-553","1":"product","2":"type-product","3":"status-publish","4":"has-post-thumbnail","6":"product_brand-sirman","7":"product_cat-cafe-bar","8":"product_cat-hornos-de-induccion","9":"product_cat-restaurante","11":"first","12":"instock","13":"shipping-taxable","14":"product-type-simple"},"_links":{"self":[{"href":"https:\/\/mediterraneasoluzioni.com\/tienda\/wp-json\/wp\/v2\/product\/553","targetHints":{"allow":["GET"]}}],"collection":[{"href":"https:\/\/mediterraneasoluzioni.com\/tienda\/wp-json\/wp\/v2\/product"}],"about":[{"href":"https:\/\/mediterraneasoluzioni.com\/tienda\/wp-json\/wp\/v2\/types\/product"}],"wp:featuredmedia":[{"embeddable":true,"href":"https:\/\/mediterraneasoluzioni.com\/tienda\/wp-json\/wp\/v2\/media\/554"}],"wp:attachment":[{"href":"https:\/\/mediterraneasoluzioni.com\/tienda\/wp-json\/wp\/v2\/media?parent=553"}],"wp:term":[{"taxonomy":"product_brand","embeddable":true,"href":"https:\/\/mediterraneasoluzioni.com\/tienda\/wp-json\/wp\/v2\/product_brand?post=553"},{"taxonomy":"product_cat","embeddable":true,"href":"https:\/\/mediterraneasoluzioni.com\/tienda\/wp-json\/wp\/v2\/product_cat?post=553"},{"taxonomy":"product_tag","embeddable":true,"href":"https:\/\/mediterraneasoluzioni.com\/tienda\/wp-json\/wp\/v2\/product_tag?post=553"}],"curies":[{"name":"wp","href":"https:\/\/api.w.org\/{rel}","templated":true}]}}