{"id":557,"date":"2025-11-14T13:27:02","date_gmt":"2025-11-14T16:27:02","guid":{"rendered":"https:\/\/mediterraneasoluzioni.com\/tienda\/?post_type=product&#038;p=557"},"modified":"2025-11-18T18:38:48","modified_gmt":"2025-11-18T21:38:48","slug":"mixer-sirio-1","status":"publish","type":"product","link":"https:\/\/mediterraneasoluzioni.com\/tienda\/producto\/mixer-sirio-1\/","title":{"rendered":"Mixer Sirio 1"},"content":{"rendered":"<h3><\/h3>\n<p>Familia completa de m\u00e1quinas para frapp\u00e9 con un dise\u00f1o moderno, caracterizado por l\u00edneas suaves y precisas. Dise\u00f1adas para un uso profesional y riguroso, cumpliendo con las normas de seguridad europeas y norteamericanas.<\/p>\n<p>&nbsp;<\/p>\n<ul>\n<li><b>Cuerpo de la m\u00e1quina<\/b> cromado, columna de aluminio extruido y base de fundici\u00f3n a presi\u00f3n para una estabilidad \u00f3ptima de la m\u00e1quina, todo sin \u00e1ngulos ni uniones para facilitar la limpieza.<\/li>\n<li><b>Disponible<\/b> en la versi\u00f3n de sobremesa para 1 o 2 vasos.<\/li>\n<li><b>Vaso de 550 cc<\/b> en Tritan transparente o, en acero inoxidable.<\/li>\n<li><b>Vaso de 900 cc<\/b> en acero inoxidable para la versi\u00f3n de 120 vatios.<\/li>\n<li><b>Motor potente y ventilado<\/b> para una mayor duraci\u00f3n.<\/li>\n<li><b>Versi\u00f3n con 3 batidores en aluminio y acero<\/b> para la preparaci\u00f3n de c\u00f3cteles y sorbetes, o con disco especialmente dise\u00f1ado para el caf\u00e9 <i>shakerato<\/i> (agitado) o para montar (batir) el producto en proceso.<\/li>\n<li><b>Microinterruptor de seguridad en el vaso<\/b> (opcional para pa\u00edses extra UE).<\/li>\n<\/ul>\n<p>&nbsp;<\/p>\n<p><strong>Caracteristicas Tecnicas<\/strong><\/p>\n<p>Modelo: Sirio 1<br \/>\nPotencia: 100 Watt &#8211; 0,14 Hp<br \/>\nAlimentaci\u00f3n: 1ph (Monof\u00e1sica)<br \/>\nMotor: 14.000 rpm<br \/>\nCapacidad del Vaso: 0,55 Lt<\/p>\n<p>A: 150 mm<br \/>\nB: 195 mm<br \/>\nC: 485 mm<br \/>\nPeso Neto: 2,5 Kg<\/p>\n<p><img fetchpriority=\"high\" decoding=\"async\" class=\"wp-image-559 alignnone\" src=\"https:\/\/mediterraneasoluzioni.com\/tienda\/wp-content\/uploads\/2025\/11\/Screenshot-2025-11-14-172304.png\" alt=\"\" width=\"332\" height=\"352\" \/><\/p>\n","protected":false},"excerpt":{"rendered":"<p>Familia completa de m\u00e1quinas para frapp\u00e9 con un dise\u00f1o moderno, caracterizado por l\u00edneas suaves y precisas. Dise\u00f1adas para un uso profesional y riguroso, cumpliendo con las normas de seguridad europeas y norteamericanas. &nbsp; Cuerpo de la m\u00e1quina cromado, columna de aluminio extruido y base de fundici\u00f3n a presi\u00f3n para una estabilidad \u00f3ptima de la m\u00e1quina, [&hellip;]<\/p>\n","protected":false},"featured_media":558,"template":"","meta":{"postBodyCss":"","postBodyMargin":[],"postBodyPadding":[],"postBodyBackground":{"backgroundType":"classic","gradient":""}},"product_brand":[47],"product_cat":[51,29,50],"product_tag":[],"class_list":{"0":"post-557","1":"product","2":"type-product","3":"status-publish","4":"has-post-thumbnail","6":"product_brand-sirman","7":"product_cat-cafe-bar","8":"product_cat-licuadoras","9":"product_cat-restaurante","11":"first","12":"instock","13":"shipping-taxable","14":"product-type-simple"},"_links":{"self":[{"href":"https:\/\/mediterraneasoluzioni.com\/tienda\/wp-json\/wp\/v2\/product\/557","targetHints":{"allow":["GET"]}}],"collection":[{"href":"https:\/\/mediterraneasoluzioni.com\/tienda\/wp-json\/wp\/v2\/product"}],"about":[{"href":"https:\/\/mediterraneasoluzioni.com\/tienda\/wp-json\/wp\/v2\/types\/product"}],"wp:featuredmedia":[{"embeddable":true,"href":"https:\/\/mediterraneasoluzioni.com\/tienda\/wp-json\/wp\/v2\/media\/558"}],"wp:attachment":[{"href":"https:\/\/mediterraneasoluzioni.com\/tienda\/wp-json\/wp\/v2\/media?parent=557"}],"wp:term":[{"taxonomy":"product_brand","embeddable":true,"href":"https:\/\/mediterraneasoluzioni.com\/tienda\/wp-json\/wp\/v2\/product_brand?post=557"},{"taxonomy":"product_cat","embeddable":true,"href":"https:\/\/mediterraneasoluzioni.com\/tienda\/wp-json\/wp\/v2\/product_cat?post=557"},{"taxonomy":"product_tag","embeddable":true,"href":"https:\/\/mediterraneasoluzioni.com\/tienda\/wp-json\/wp\/v2\/product_tag?post=557"}],"curies":[{"name":"wp","href":"https:\/\/api.w.org\/{rel}","templated":true}]}}