{"id":565,"date":"2025-11-14T15:44:36","date_gmt":"2025-11-14T18:44:36","guid":{"rendered":"https:\/\/mediterraneasoluzioni.com\/tienda\/?post_type=product&#038;p=565"},"modified":"2025-11-19T18:57:03","modified_gmt":"2025-11-19T21:57:03","slug":"tcg-22-dakota","status":"publish","type":"product","link":"https:\/\/mediterraneasoluzioni.com\/tienda\/producto\/tcg-22-dakota\/","title":{"rendered":"TCG 22 DAKOTA"},"content":{"rendered":"<p>&nbsp;<\/p>\n<ul>\n<li>\n<p data-path-to-node=\"2,0,0\">Cuerpo de aluminio anodizado y laterales de ABS a prueba de golpes.<\/p>\n<\/li>\n<li>\n<p data-path-to-node=\"2,1,0\">Motor ventilado.<\/p>\n<\/li>\n<li>\n<p data-path-to-node=\"2,2,0\">Sistema de reducci\u00f3n de engranajes en ba\u00f1o de aceite.<\/p>\n<\/li>\n<li>\n<p data-path-to-node=\"2,3,0\">Engranajes helicoidales templados y rectificados.<\/p>\n<\/li>\n<li>\n<p data-path-to-node=\"2,4,0\">Boca de la picadora y boca del rallador f\u00e1cilmente extra\u00edbles sin herramientas.<\/p>\n<\/li>\n<li>\n<p data-path-to-node=\"2,5,0\">Boca de la picadora completamente en acero inoxidable AISI 304 o de aluminio.<\/p>\n<\/li>\n<li>\n<p data-path-to-node=\"2,6,0\">Placa y cuchilla de acero inoxidable.<\/p>\n<\/li>\n<li>\n<p data-path-to-node=\"2,7,0\">Boca del rallador en aluminio pulido de gran capacidad.<\/p>\n<\/li>\n<li>\n<p data-path-to-node=\"2,8,0\">Recipiente de recogida de producto en plexigl\u00e1s transparente, pr\u00e1ctico y de gran capacidad.<\/p>\n<\/li>\n<li>\n<p data-path-to-node=\"2,9,0\">Rodillo desmontable de acero inoxidable.<\/p>\n<\/li>\n<\/ul>\n<p>&nbsp;<\/p>\n<p><strong>Caracteristicas Tecnicas<\/strong><\/p>\n<p>Modelo: TCG 22 DAKOTA<br \/>\nPotencia: 1ph 750 Watt &#8211; 1 Hp \/ 3ph 1100 Watt &#8211; 1,5 Hp<br \/>\nAlimentaci\u00f3n: 1ph\/3ph<br \/>\nProducci\u00f3n horaria TC: 120 kg\/h<br \/>\nPlaca incluida: \u00f8 4,5 mm<br \/>\nA: 310 mm<br \/>\nB: 225 mm<br \/>\nC: 560 mm<br \/>\nD: 360 mm<br \/>\nE: 115 mm<br \/>\nF: 415 mm<br \/>\nG: 495 mm<br \/>\nH: 575 mm<br \/>\nPeso neto: 31 kg<\/p>\n<p>&nbsp;<\/p>\n<p><img fetchpriority=\"high\" decoding=\"async\" class=\"alignnone wp-image-567\" src=\"https:\/\/mediterraneasoluzioni.com\/tienda\/wp-content\/uploads\/2025\/11\/ingombri_TCG_Dakota1-1.jpeg\" alt=\"\" width=\"376\" height=\"199\" \/><\/p>\n","protected":false},"excerpt":{"rendered":"<p>&nbsp; Cuerpo de aluminio anodizado y laterales de ABS a prueba de golpes. Motor ventilado. Sistema de reducci\u00f3n de engranajes en ba\u00f1o de aceite. Engranajes helicoidales templados y rectificados. Boca de la picadora y boca del rallador f\u00e1cilmente extra\u00edbles sin herramientas. Boca de la picadora completamente en acero inoxidable AISI 304 o de aluminio. Placa [&hellip;]<\/p>\n","protected":false},"featured_media":568,"template":"","meta":{"postBodyCss":"","postBodyMargin":[],"postBodyPadding":[],"postBodyBackground":{"backgroundType":"classic","gradient":""}},"product_brand":[47],"product_cat":[53,43,50],"product_tag":[],"class_list":{"0":"post-565","1":"product","2":"type-product","3":"status-publish","4":"has-post-thumbnail","6":"product_brand-sirman","7":"product_cat-carne-fiambre","8":"product_cat-linea-carne","9":"product_cat-restaurante","11":"first","12":"instock","13":"shipping-taxable","14":"product-type-simple"},"_links":{"self":[{"href":"https:\/\/mediterraneasoluzioni.com\/tienda\/wp-json\/wp\/v2\/product\/565","targetHints":{"allow":["GET"]}}],"collection":[{"href":"https:\/\/mediterraneasoluzioni.com\/tienda\/wp-json\/wp\/v2\/product"}],"about":[{"href":"https:\/\/mediterraneasoluzioni.com\/tienda\/wp-json\/wp\/v2\/types\/product"}],"wp:featuredmedia":[{"embeddable":true,"href":"https:\/\/mediterraneasoluzioni.com\/tienda\/wp-json\/wp\/v2\/media\/568"}],"wp:attachment":[{"href":"https:\/\/mediterraneasoluzioni.com\/tienda\/wp-json\/wp\/v2\/media?parent=565"}],"wp:term":[{"taxonomy":"product_brand","embeddable":true,"href":"https:\/\/mediterraneasoluzioni.com\/tienda\/wp-json\/wp\/v2\/product_brand?post=565"},{"taxonomy":"product_cat","embeddable":true,"href":"https:\/\/mediterraneasoluzioni.com\/tienda\/wp-json\/wp\/v2\/product_cat?post=565"},{"taxonomy":"product_tag","embeddable":true,"href":"https:\/\/mediterraneasoluzioni.com\/tienda\/wp-json\/wp\/v2\/product_tag?post=565"}],"curies":[{"name":"wp","href":"https:\/\/api.w.org\/{rel}","templated":true}]}}