{"id":584,"date":"2025-11-19T19:12:47","date_gmt":"2025-11-19T22:12:47","guid":{"rendered":"https:\/\/mediterraneasoluzioni.com\/tienda\/?post_type=product&#038;p=584"},"modified":"2025-11-19T19:26:11","modified_gmt":"2025-11-19T22:26:11","slug":"sansone-xp-25","status":"publish","type":"product","link":"https:\/\/mediterraneasoluzioni.com\/tienda\/producto\/sansone-xp-25\/","title":{"rendered":"Sansone 25 XP"},"content":{"rendered":"<p>Sansone es una m\u00e1quina laminadora el\u00e9ctrica para pasta fresca, que tambi\u00e9n puede usarse para estirar otros tipos de masas.<\/p>\n<p>Dise\u00f1ada para ofrecer la m\u00e1xima comodidad y seguridad, est\u00e1 disponible en diferentes formatos y equipada con una protecci\u00f3n desmontable para la limpieza.<\/p>\n<p>&nbsp;<\/p>\n<ul>\n<li>\n<p data-path-to-node=\"2,0,0\">Potente laminadora fabricada en 4 tama\u00f1os<\/p>\n<\/li>\n<li>\n<p data-path-to-node=\"2,1,0\">Dise\u00f1o vertical que reduce el espacio ocupado en la mesa de trabajo y facilita la recogida de la l\u00e1mina en salida<\/p>\n<\/li>\n<li>\n<p data-path-to-node=\"2,2,0\">Construcci\u00f3n en acero inoxidable<\/p>\n<\/li>\n<li>\n<p data-path-to-node=\"2,3,0\">Motor ventilado de servicio continuo con doble reductor<\/p>\n<\/li>\n<li>\n<p data-path-to-node=\"2,4,0\">Reductor coaxial + transmisi\u00f3n por cadena<\/p>\n<\/li>\n<li>\n<p data-path-to-node=\"2,5,0\">Regulaci\u00f3n del espesor de la pasta 0\u00f710 mm<\/p>\n<\/li>\n<li>\n<p data-path-to-node=\"2,6,0\">Protecci\u00f3n de la zona de carga con microinterruptor de seguridad<\/p>\n<\/li>\n<li>\n<p data-path-to-node=\"2,7,0\">Amplia rampa de carga de la l\u00e1mina f\u00e1cilmente extra\u00edble<\/p>\n<\/li>\n<li>\n<p data-path-to-node=\"2,8,0\">Protecci\u00f3n de manos en acero inoxidable extra\u00edble para limpieza<\/p>\n<\/li>\n<li>\n<p data-path-to-node=\"2,9,0\">Ideal tambi\u00e9n para laminar pizza<\/p>\n<\/li>\n<\/ul>\n<p>&nbsp;<\/p>\n<p>&nbsp;<\/p>\n<p><strong>Caracteristicas Tecnicas<\/strong><\/p>\n<p>Modelo: <strong>Sansone 25 XP<\/strong><br \/>\nPotencia: 270 Watt &#8211; 0,37 Hp<br \/>\nAlimentaci\u00f3n: 1ph<br \/>\nRevoluciones rodillo: 56 rpm<br \/>\nDimensiones rodillo: \u00f8 60&#215;250 mm<br \/>\nA: 352 mm<br \/>\nB: 200 mm<br \/>\nC: 515 mm<br \/>\nD: 322 mm<br \/>\nE: 450 mm<br \/>\nPeso neto: 47 kg<\/p>\n<p>&nbsp;<\/p>\n<p><img fetchpriority=\"high\" decoding=\"async\" class=\"alignnone size-full wp-image-586\" src=\"https:\/\/mediterraneasoluzioni.com\/tienda\/wp-content\/uploads\/2025\/11\/ingombri_SansoneXP.jpeg\" alt=\"\" width=\"349\" height=\"200\" \/><\/p>\n<p>&nbsp;<\/p>\n","protected":false},"excerpt":{"rendered":"<p>Sansone es una m\u00e1quina laminadora el\u00e9ctrica para pasta fresca, que tambi\u00e9n puede usarse para estirar otros tipos de masas. Dise\u00f1ada para ofrecer la m\u00e1xima comodidad y seguridad, est\u00e1 disponible en diferentes formatos y equipada con una protecci\u00f3n desmontable para la limpieza. &nbsp; Potente laminadora fabricada en 4 tama\u00f1os Dise\u00f1o vertical que reduce el espacio ocupado [&hellip;]<\/p>\n","protected":false},"featured_media":588,"template":"","meta":{"postBodyCss":"","postBodyMargin":[],"postBodyPadding":[],"postBodyBackground":{"backgroundType":"classic","gradient":""}},"product_brand":[47],"product_cat":[22],"product_tag":[],"class_list":{"0":"post-584","1":"product","2":"type-product","3":"status-publish","4":"has-post-thumbnail","6":"product_brand-sirman","7":"product_cat-maquinas-para-pastas","9":"first","10":"instock","11":"shipping-taxable","12":"product-type-simple"},"_links":{"self":[{"href":"https:\/\/mediterraneasoluzioni.com\/tienda\/wp-json\/wp\/v2\/product\/584","targetHints":{"allow":["GET"]}}],"collection":[{"href":"https:\/\/mediterraneasoluzioni.com\/tienda\/wp-json\/wp\/v2\/product"}],"about":[{"href":"https:\/\/mediterraneasoluzioni.com\/tienda\/wp-json\/wp\/v2\/types\/product"}],"wp:featuredmedia":[{"embeddable":true,"href":"https:\/\/mediterraneasoluzioni.com\/tienda\/wp-json\/wp\/v2\/media\/588"}],"wp:attachment":[{"href":"https:\/\/mediterraneasoluzioni.com\/tienda\/wp-json\/wp\/v2\/media?parent=584"}],"wp:term":[{"taxonomy":"product_brand","embeddable":true,"href":"https:\/\/mediterraneasoluzioni.com\/tienda\/wp-json\/wp\/v2\/product_brand?post=584"},{"taxonomy":"product_cat","embeddable":true,"href":"https:\/\/mediterraneasoluzioni.com\/tienda\/wp-json\/wp\/v2\/product_cat?post=584"},{"taxonomy":"product_tag","embeddable":true,"href":"https:\/\/mediterraneasoluzioni.com\/tienda\/wp-json\/wp\/v2\/product_tag?post=584"}],"curies":[{"name":"wp","href":"https:\/\/api.w.org\/{rel}","templated":true}]}}