{"id":628,"date":"2025-11-20T19:15:06","date_gmt":"2025-11-20T22:15:06","guid":{"rendered":"https:\/\/mediterraneasoluzioni.com\/tienda\/?post_type=product&#038;p=628"},"modified":"2025-11-20T19:15:06","modified_gmt":"2025-11-20T22:15:06","slug":"tcg-12-denver","status":"publish","type":"product","link":"https:\/\/mediterraneasoluzioni.com\/tienda\/producto\/tcg-12-denver\/","title":{"rendered":"TCG 12 DENVER"},"content":{"rendered":"<ul>\n<li>\n<p data-path-to-node=\"1,0,0\">Robusta estructura de aluminio anodizado.<\/p>\n<\/li>\n<li>\n<p data-path-to-node=\"1,1,0\">Motor ventilado.<\/p>\n<\/li>\n<li>\n<p data-path-to-node=\"1,2,0\">Reductor de la picadora herm\u00e9tico con engranajes en ba\u00f1o de aceite.<\/p>\n<\/li>\n<li>\n<p data-path-to-node=\"1,3,0\">Engranajes helicoidales templados y rectificados.<\/p>\n<\/li>\n<li>\n<p data-path-to-node=\"1,4,0\">Boca y h\u00e9lice de la picadora en aleaci\u00f3n de aluminio alimentario pulido.<\/p>\n<\/li>\n<li>\n<p data-path-to-node=\"1,5,0\">Boca y h\u00e9lice de la picadora en acero inoxidable opcionales.<\/p>\n<\/li>\n<li>\n<p data-path-to-node=\"1,6,0\">Placa y cuchilla de acero inoxidable.<\/p>\n<\/li>\n<li>\n<p data-path-to-node=\"1,7,0\">Boca ralladora desmontable de aleaci\u00f3n de aluminio pulido y anodizado.<\/p>\n<\/li>\n<li>\n<p data-path-to-node=\"1,8,0\">Rodillo rallador de acero inoxidable.<\/p>\n<\/li>\n<li>\n<p data-path-to-node=\"1,9,0\">Pr\u00e1ctico caj\u00f3n para placa y cuchilla.<\/p>\n<\/li>\n<li>\n<p data-path-to-node=\"1,10,0\">Inversi\u00f3n de marcha de serie.<\/p>\n<\/li>\n<li>\n<p data-path-to-node=\"1,11,0\">Versi\u00f3n CE con:<\/p>\n<ul data-path-to-node=\"1,11,1\">\n<li>\n<p data-path-to-node=\"1,11,1,0,0\">Microinterruptores de seguridad en la bandeja de recogida de queso y en la palanca.<\/p>\n<\/li>\n<li>\n<p data-path-to-node=\"1,11,1,1,0\">Mandos IP54 con NVR.<\/p>\n<\/li>\n<\/ul>\n<\/li>\n<\/ul>\n<p>&nbsp;<\/p>\n<p><strong>Caracteristicas Tecnicas<\/strong><\/p>\n<p>Modelo: TCG 12 DENVER<br \/>\nPotencia: 550 Watt &#8211; 0,75 Hp<br \/>\nAlimentaci\u00f3n: 1ph<br \/>\nPlaca incluida: \u00f8 6 mm<br \/>\nProducci\u00f3n horaria TC: 85 kg\/h<br \/>\nA: 275 mm<br \/>\nB: 190 mm<br \/>\nC: 520 mm<br \/>\nD: 366 mm<br \/>\nE: 100 mm<br \/>\nF: 374 mm<br \/>\nG: 452 mm<br \/>\nPeso neto: 21.5 kg<\/p>\n<p><img decoding=\"async\" class=\"alignnone size-full wp-image-633\" src=\"https:\/\/mediterraneasoluzioni.com\/tienda\/wp-content\/uploads\/2025\/11\/tcg-denver-12-5.gif\" alt=\"\" width=\"200\" height=\"200\" srcset=\"https:\/\/mediterraneasoluzioni.com\/tienda\/wp-content\/uploads\/2025\/11\/tcg-denver-12-5.gif 200w, https:\/\/mediterraneasoluzioni.com\/tienda\/wp-content\/uploads\/2025\/11\/tcg-denver-12-5-100x100.gif 100w\" sizes=\"(max-width: 200px) 100vw, 200px\" \/> <img decoding=\"async\" class=\"alignnone size-full wp-image-634\" src=\"https:\/\/mediterraneasoluzioni.com\/tienda\/wp-content\/uploads\/2025\/11\/tcg-denver-12-6.gif\" alt=\"\" width=\"200\" height=\"200\" srcset=\"https:\/\/mediterraneasoluzioni.com\/tienda\/wp-content\/uploads\/2025\/11\/tcg-denver-12-6.gif 200w, https:\/\/mediterraneasoluzioni.com\/tienda\/wp-content\/uploads\/2025\/11\/tcg-denver-12-6-100x100.gif 100w\" sizes=\"(max-width: 200px) 100vw, 200px\" \/><\/p>\n","protected":false},"excerpt":{"rendered":"<p>Robusta estructura de aluminio anodizado. Motor ventilado. Reductor de la picadora herm\u00e9tico con engranajes en ba\u00f1o de aceite. Engranajes helicoidales templados y rectificados. Boca y h\u00e9lice de la picadora en aleaci\u00f3n de aluminio alimentario pulido. Boca y h\u00e9lice de la picadora en acero inoxidable opcionales. Placa y cuchilla de acero inoxidable. Boca ralladora desmontable de [&hellip;]<\/p>\n","protected":false},"featured_media":632,"template":"","meta":{"postBodyCss":"","postBodyMargin":[],"postBodyPadding":[],"postBodyBackground":{"backgroundType":"classic","gradient":""}},"product_brand":[47],"product_cat":[43,28],"product_tag":[],"class_list":{"0":"post-628","1":"product","2":"type-product","3":"status-publish","4":"has-post-thumbnail","6":"product_brand-sirman","7":"product_cat-linea-carne","8":"product_cat-ralladoras","10":"first","11":"instock","12":"shipping-taxable","13":"product-type-simple"},"_links":{"self":[{"href":"https:\/\/mediterraneasoluzioni.com\/tienda\/wp-json\/wp\/v2\/product\/628","targetHints":{"allow":["GET"]}}],"collection":[{"href":"https:\/\/mediterraneasoluzioni.com\/tienda\/wp-json\/wp\/v2\/product"}],"about":[{"href":"https:\/\/mediterraneasoluzioni.com\/tienda\/wp-json\/wp\/v2\/types\/product"}],"wp:featuredmedia":[{"embeddable":true,"href":"https:\/\/mediterraneasoluzioni.com\/tienda\/wp-json\/wp\/v2\/media\/632"}],"wp:attachment":[{"href":"https:\/\/mediterraneasoluzioni.com\/tienda\/wp-json\/wp\/v2\/media?parent=628"}],"wp:term":[{"taxonomy":"product_brand","embeddable":true,"href":"https:\/\/mediterraneasoluzioni.com\/tienda\/wp-json\/wp\/v2\/product_brand?post=628"},{"taxonomy":"product_cat","embeddable":true,"href":"https:\/\/mediterraneasoluzioni.com\/tienda\/wp-json\/wp\/v2\/product_cat?post=628"},{"taxonomy":"product_tag","embeddable":true,"href":"https:\/\/mediterraneasoluzioni.com\/tienda\/wp-json\/wp\/v2\/product_tag?post=628"}],"curies":[{"name":"wp","href":"https:\/\/api.w.org\/{rel}","templated":true}]}}