{"id":635,"date":"2025-11-20T19:35:04","date_gmt":"2025-11-20T22:35:04","guid":{"rendered":"https:\/\/mediterraneasoluzioni.com\/tienda\/?post_type=product&#038;p=635"},"modified":"2025-11-20T19:35:04","modified_gmt":"2025-11-20T22:35:04","slug":"anniversario-lx-350","status":"publish","type":"product","link":"https:\/\/mediterraneasoluzioni.com\/tienda\/producto\/anniversario-lx-350\/","title":{"rendered":"ANNIVERSARIO LX 350"},"content":{"rendered":"<ul>\n<li>\n<p data-path-to-node=\"1,0,0\">Una combinaci\u00f3n de elegancia cl\u00e1sica y funcionalidad moderna.<\/p>\n<\/li>\n<li>\n<p data-path-to-node=\"1,1,0\">Sabia fusi\u00f3n de estilo y ergonom\u00eda, practicidad y buen gusto, funcionalidad y exclusividad.<\/p>\n<\/li>\n<li>\n<p data-path-to-node=\"1,2,0\">Una poes\u00eda de l\u00edneas, luces, colores y mec\u00e1nica, la m\u00e1s pura, simple y funcional.<\/p>\n<\/li>\n<li>\n<p data-path-to-node=\"1,3,0\">Construcci\u00f3n en fundici\u00f3n de hierro esferoidal.<\/p>\n<\/li>\n<li>\n<p data-path-to-node=\"1,4,0\">Detalles en aluminio anodizado plateado.<\/p>\n<\/li>\n<li>\n<p data-path-to-node=\"1,5,0\">Brazo especial sujeta-embutidos BS2.<\/p>\n<\/li>\n<li>\n<p data-path-to-node=\"1,6,0\">Prensador de productos desmontable de acero inoxidable.<\/p>\n<\/li>\n<li>\n<p data-path-to-node=\"1,7,0\">Carro desmontable para la limpieza.<\/p>\n<\/li>\n<\/ul>\n<p>&nbsp;<\/p>\n<p><strong>Caracteristicas Tecnicas<\/strong><\/p>\n<p>Modelo: LX 350<br \/>\n\u00f8 Cuchilla: 350 mm &#8211; 14 pulg.<br \/>\nEspesor de corte: 3 mm<br \/>\nRecorrido carro: 345 mm<br \/>\nPlato: 350&#215;330 mm<br \/>\nA: 592 mm<br \/>\nB: 180 mm<br \/>\nC: 820 mm<br \/>\nD: 780 mm<br \/>\nE: 560 mm<br \/>\nF: 910 mm<br \/>\nG: 615 mm<br \/>\nL: 120 mm<br \/>\nX: 330 mm<br \/>\nY: 255 mm<br \/>\nH: 255 mm<br \/>\nW: 255 mm<br \/>\nPeso neto: 72 kg<\/p>\n<p><img decoding=\"async\" class=\"alignnone size-medium wp-image-649\" src=\"https:\/\/mediterraneasoluzioni.com\/tienda\/wp-content\/uploads\/2025\/11\/ann-20.gif\" alt=\"\" width=\"200\" height=\"200\" srcset=\"https:\/\/mediterraneasoluzioni.com\/tienda\/wp-content\/uploads\/2025\/11\/ann-20.gif 200w, https:\/\/mediterraneasoluzioni.com\/tienda\/wp-content\/uploads\/2025\/11\/ann-20-100x100.gif 100w\" sizes=\"(max-width: 200px) 100vw, 200px\" \/> <img decoding=\"async\" class=\"alignnone size-medium wp-image-650\" src=\"https:\/\/mediterraneasoluzioni.com\/tienda\/wp-content\/uploads\/2025\/11\/ann-21.gif\" alt=\"\" width=\"200\" height=\"200\" srcset=\"https:\/\/mediterraneasoluzioni.com\/tienda\/wp-content\/uploads\/2025\/11\/ann-21.gif 200w, https:\/\/mediterraneasoluzioni.com\/tienda\/wp-content\/uploads\/2025\/11\/ann-21-100x100.gif 100w\" sizes=\"(max-width: 200px) 100vw, 200px\" \/> <img decoding=\"async\" class=\"alignnone size-medium wp-image-651\" src=\"https:\/\/mediterraneasoluzioni.com\/tienda\/wp-content\/uploads\/2025\/11\/ann-23.gif\" alt=\"\" width=\"200\" height=\"200\" srcset=\"https:\/\/mediterraneasoluzioni.com\/tienda\/wp-content\/uploads\/2025\/11\/ann-23.gif 200w, https:\/\/mediterraneasoluzioni.com\/tienda\/wp-content\/uploads\/2025\/11\/ann-23-100x100.gif 100w\" sizes=\"(max-width: 200px) 100vw, 200px\" \/><\/p>\n","protected":false},"excerpt":{"rendered":"<p>Una combinaci\u00f3n de elegancia cl\u00e1sica y funcionalidad moderna. Sabia fusi\u00f3n de estilo y ergonom\u00eda, practicidad y buen gusto, funcionalidad y exclusividad. Una poes\u00eda de l\u00edneas, luces, colores y mec\u00e1nica, la m\u00e1s pura, simple y funcional. Construcci\u00f3n en fundici\u00f3n de hierro esferoidal. Detalles en aluminio anodizado plateado. Brazo especial sujeta-embutidos BS2. Prensador de productos desmontable de [&hellip;]<\/p>\n","protected":false},"featured_media":648,"template":"","meta":{"postBodyCss":"","postBodyMargin":[],"postBodyPadding":[],"postBodyBackground":{"backgroundType":"classic","gradient":""}},"product_brand":[47],"product_cat":[27],"product_tag":[],"class_list":{"0":"post-635","1":"product","2":"type-product","3":"status-publish","4":"has-post-thumbnail","6":"product_brand-sirman","7":"product_cat-cortadoras-de-fiambres","9":"first","10":"instock","11":"shipping-taxable","12":"product-type-simple"},"_links":{"self":[{"href":"https:\/\/mediterraneasoluzioni.com\/tienda\/wp-json\/wp\/v2\/product\/635","targetHints":{"allow":["GET"]}}],"collection":[{"href":"https:\/\/mediterraneasoluzioni.com\/tienda\/wp-json\/wp\/v2\/product"}],"about":[{"href":"https:\/\/mediterraneasoluzioni.com\/tienda\/wp-json\/wp\/v2\/types\/product"}],"wp:featuredmedia":[{"embeddable":true,"href":"https:\/\/mediterraneasoluzioni.com\/tienda\/wp-json\/wp\/v2\/media\/648"}],"wp:attachment":[{"href":"https:\/\/mediterraneasoluzioni.com\/tienda\/wp-json\/wp\/v2\/media?parent=635"}],"wp:term":[{"taxonomy":"product_brand","embeddable":true,"href":"https:\/\/mediterraneasoluzioni.com\/tienda\/wp-json\/wp\/v2\/product_brand?post=635"},{"taxonomy":"product_cat","embeddable":true,"href":"https:\/\/mediterraneasoluzioni.com\/tienda\/wp-json\/wp\/v2\/product_cat?post=635"},{"taxonomy":"product_tag","embeddable":true,"href":"https:\/\/mediterraneasoluzioni.com\/tienda\/wp-json\/wp\/v2\/product_tag?post=635"}],"curies":[{"name":"wp","href":"https:\/\/api.w.org\/{rel}","templated":true}]}}