{"id":86,"date":"2022-06-09T12:47:17","date_gmt":"2022-06-09T15:47:17","guid":{"rendered":"https:\/\/mediterraneasoluzioni.com\/tienda\/?post_type=product&#038;p=86"},"modified":"2025-11-18T18:36:59","modified_gmt":"2025-11-18T21:36:59","slug":"lavaplatos-silanos-ps-h50-a-capota-trifasico","status":"publish","type":"product","link":"https:\/\/mediterraneasoluzioni.com\/tienda\/producto\/lavaplatos-silanos-ps-h50-a-capota-trifasico\/","title":{"rendered":"Lavaplatos Silanos PS H50 a capota trif\u00e1sico"},"content":{"rendered":"<h3>Lavavajillas bajo mesada de gran capacidad<\/h3>\n<p>Este modelo fue ideado para locales con altos vol\u00famenes de vasos y vajillas, indicado para restaurantes, hoteles y catering entre otros.<br \/>\nIndicado para las instalaciones de lavado en l\u00ednea o angular, con soporte de extracci\u00f3n f\u00e1cil, aportando eficiencia al proceso de lavado, as\u00ed como funcionalidad a precio muy econ\u00f3mico.<br \/>\n\u2022\u00a0<b>Ecolog\u00eda:\u00a0<\/b>AHORRA AGUA, solo 2,6 litros por ciclo.<br \/>\n\u2022 Higiene: obtenida de un lavado a 60\u00b0c y de un enjuague a 82\u00b0c.<br \/>\n\u2022\u00a0<b>Econom\u00eda productividad:<\/b>\u00a0tiempo de clico desde 75 segundos.<br \/>\n\u2022\u00a0<b>Caracter\u00edsticas<\/b><br \/>\nEstructura construida en acero inoxidable AISI 304. Cuba estampada con cantos redondeados, base inclinada para una completa evacuaci\u00f3n del agua. C\u00fapula con sistema de contrapesos para la apertura y el cierre. Grupo de aspiraci\u00f3n\/vaciado integrado para descarga total del circuito de lavado. Dosificador de abrillantador incorporado. Start\/Stop cierre\/abertura c\u00fapula. Visualizaci\u00f3n inmediata de las varias fases mediante testigo luminoso.<br \/>\n\u2022 Micro-interruptor de seguridad de puerta.<br \/>\n\u2022\u00a0<b>Dosificadores de detergente y abrillantador incorporados.<\/b><br \/>\n\u2022 Bomba para desagote (opcional).<\/p>\n<p><a href=\"https:\/\/drive.google.com\/file\/d\/14MMTKFWqNSpJoEWHJ6KOqcUGzJNS9U06\/view?usp=sharing\" target=\"_blank\" rel=\"noopener\">Ver brochure PDF<\/a><\/p>\n","protected":false},"excerpt":{"rendered":"<p><img decoding=\"async\" class=\"alignnone wp-image-57\" src=\"https:\/\/mediterraneasoluzioni.com\/tienda\/wp-content\/uploads\/2022\/06\/silanos.png\" alt=\"\" width=\"380\" height=\"97\" srcset=\"https:\/\/mediterraneasoluzioni.com\/tienda\/wp-content\/uploads\/2022\/06\/silanos.png 545w, https:\/\/mediterraneasoluzioni.com\/tienda\/wp-content\/uploads\/2022\/06\/silanos-416x106.png 416w\" sizes=\"(max-width: 380px) 100vw, 380px\" \/><\/p>\n","protected":false},"featured_media":87,"template":"","meta":{"postBodyCss":"","postBodyMargin":[],"postBodyPadding":[],"postBodyBackground":{"backgroundType":"classic","gradient":""}},"product_brand":[49],"product_cat":[20,50],"product_tag":[32,35,33],"class_list":{"0":"post-86","1":"product","2":"type-product","3":"status-publish","4":"has-post-thumbnail","6":"product_brand-silanos","7":"product_cat-lavacopas-y-lavavajillas","8":"product_cat-restaurante","9":"product_tag-lavacopas","10":"product_tag-monofasico","11":"product_tag-silanos","13":"first","14":"instock","15":"sold-individually","16":"shipping-taxable","17":"purchasable","18":"product-type-simple"},"_links":{"self":[{"href":"https:\/\/mediterraneasoluzioni.com\/tienda\/wp-json\/wp\/v2\/product\/86","targetHints":{"allow":["GET"]}}],"collection":[{"href":"https:\/\/mediterraneasoluzioni.com\/tienda\/wp-json\/wp\/v2\/product"}],"about":[{"href":"https:\/\/mediterraneasoluzioni.com\/tienda\/wp-json\/wp\/v2\/types\/product"}],"wp:featuredmedia":[{"embeddable":true,"href":"https:\/\/mediterraneasoluzioni.com\/tienda\/wp-json\/wp\/v2\/media\/87"}],"wp:attachment":[{"href":"https:\/\/mediterraneasoluzioni.com\/tienda\/wp-json\/wp\/v2\/media?parent=86"}],"wp:term":[{"taxonomy":"product_brand","embeddable":true,"href":"https:\/\/mediterraneasoluzioni.com\/tienda\/wp-json\/wp\/v2\/product_brand?post=86"},{"taxonomy":"product_cat","embeddable":true,"href":"https:\/\/mediterraneasoluzioni.com\/tienda\/wp-json\/wp\/v2\/product_cat?post=86"},{"taxonomy":"product_tag","embeddable":true,"href":"https:\/\/mediterraneasoluzioni.com\/tienda\/wp-json\/wp\/v2\/product_tag?post=86"}],"curies":[{"name":"wp","href":"https:\/\/api.w.org\/{rel}","templated":true}]}}